{"id":145,"date":"2026-02-09T11:07:21","date_gmt":"2026-02-09T10:07:21","guid":{"rendered":"https:\/\/producent-ogrodzenia.pl\/?page_id=145"},"modified":"2026-02-17T12:36:53","modified_gmt":"2026-02-17T11:36:53","slug":"realizacje","status":"publish","type":"page","link":"https:\/\/producent-ogrodzenia.pl\/index.php\/realizacje\/","title":{"rendered":"Realizacje"},"content":{"rendered":"\t\t<div data-elementor-type=\"wp-page\" data-elementor-id=\"145\" class=\"elementor elementor-145\" data-elementor-post-type=\"page\">\n\t\t\t\t<div class=\"elementor-element elementor-element-64329596 e-flex e-con-boxed e-con e-parent\" data-id=\"64329596\" data-element_type=\"container\" data-e-type=\"container\" data-settings=\"{&quot;background_background&quot;:&quot;classic&quot;}\">\n\t\t\t\t\t<div class=\"e-con-inner\">\n\t\t<div class=\"elementor-element elementor-element-196a456a e-flex e-con-boxed e-con e-child\" data-id=\"196a456a\" data-element_type=\"container\" data-e-type=\"container\">\n\t\t\t\t\t<div class=\"e-con-inner\">\n\t\t\t\t<div class=\"elementor-element elementor-element-2a7015bb elementor-icon-list--layout-traditional elementor-list-item-link-full_width elementor-invisible elementor-widget elementor-widget-icon-list\" data-id=\"2a7015bb\" data-element_type=\"widget\" data-e-type=\"widget\" data-settings=\"{&quot;_animation&quot;:&quot;fadeIn&quot;,&quot;_animation_delay&quot;:300}\" data-widget_type=\"icon-list.default\">\n\t\t\t\t\t\t\t<ul class=\"elementor-icon-list-items\">\n\t\t\t\t\t\t\t<li class=\"elementor-icon-list-item\">\n\t\t\t\t\t\t\t\t\t\t\t<span class=\"elementor-icon-list-icon\">\n\t\t\t\t\t\t\t<svg aria-hidden=\"true\" class=\"e-font-icon-svg e-fas-circle\" viewBox=\"0 0 512 512\" xmlns=\"http:\/\/www.w3.org\/2000\/svg\"><path d=\"M256 8C119 8 8 119 8 256s111 248 248 248 248-111 248-248S393 8 256 8z\"><\/path><\/svg>\t\t\t\t\t\t<\/span>\n\t\t\t\t\t\t\t\t\t\t<span class=\"elementor-icon-list-text\">Galeria<\/span>\n\t\t\t\t\t\t\t\t\t<\/li>\n\t\t\t\t\t\t<\/ul>\n\t\t\t\t\t\t<\/div>\n\t\t\t\t<div class=\"elementor-element elementor-element-4e9306c9 elementor-widget elementor-widget-gum_heading\" data-id=\"4e9306c9\" data-element_type=\"widget\" data-e-type=\"widget\" data-widget_type=\"gum_heading.default\">\n\t\t\t\t<div class=\"elementor-widget-container\">\n\t\t\t\t\t<div class=\"gum-widget-title\"><h2 class=\"section-main-title size-default\">Realizacje<\/h2><\/div>\t\t\t\t<\/div>\n\t\t\t\t<\/div>\n\t\t\t\t<div class=\"elementor-element elementor-element-5991c054 elementor-widget-mobile__width-inherit elementor-invisible elementor-widget elementor-widget-text-editor\" data-id=\"5991c054\" data-element_type=\"widget\" data-e-type=\"widget\" data-settings=\"{&quot;_animation&quot;:&quot;fadeIn&quot;,&quot;_animation_delay&quot;:200}\" data-widget_type=\"text-editor.default\">\n\t\t\t\t\t\t\t\t\t<p>Wybrane realizacje naszych ogrodze\u0144<\/p>\t\t\t\t\t\t\t\t<\/div>\n\t\t\t\t\t<\/div>\n\t\t\t\t<\/div>\n\t\t\t\t\t<\/div>\n\t\t\t\t<\/div>\n\t\t<div class=\"elementor-element elementor-element-14b64608 e-con-full e-flex e-con e-parent\" data-id=\"14b64608\" data-element_type=\"container\" data-e-type=\"container\">\n\t\t\t\t<div class=\"elementor-element elementor-element-22c0513c elementor-widget__width-inherit elementor-widget elementor-widget-qi_addons_for_elementor_image_slider\" data-id=\"22c0513c\" data-element_type=\"widget\" data-e-type=\"widget\" data-widget_type=\"qi_addons_for_elementor_image_slider.default\">\n\t\t\t\t<div class=\"elementor-widget-container\">\n\t\t\t\t\t<div class=\"qodef-shortcode qodef-m qodef-qi-image-slider qodef-qi-fslightbox-popup qodef-popup-gallery qodef-image--hover-zoom qodef-col-num--8 qodef-qi-grid qodef-qi-swiper-container\" data-options=\"{&quot;direction&quot;:&quot;horizontal&quot;,&quot;slidesPerView&quot;:&quot;8&quot;,&quot;spaceBetween&quot;:24,&quot;spaceBetweenTablet&quot;:30,&quot;spaceBetweenMobile&quot;:30,&quot;effect&quot;:&quot;&quot;,&quot;loop&quot;:true,&quot;autoplay&quot;:true,&quot;centeredSlides&quot;:true,&quot;speed&quot;:&quot;1&quot;,&quot;speedAnimation&quot;:&quot;5000&quot;,&quot;outsideNavigation&quot;:&quot;no&quot;,&quot;outsidePagination&quot;:&quot;no&quot;,&quot;unique&quot;:916,&quot;partialValue&quot;:0,&quot;disablePartialValue&quot;:&quot;&quot;,&quot;parallax&quot;:&quot;no&quot;}\">\n\t<div class=\"swiper-wrapper\">\n\t\t<div class=\"qodef-e swiper-slide\">\n\t<div class=\"qodef-e-inner\">\n\t\t<div class=\"qodef-e-inner-holder\">\n\t\t\t\t\t\t\t<a class=\"qodef-popup-item\" itemprop=\"image\" href=\"https:\/\/producent-ogrodzenia.pl\/wp-content\/uploads\/2026\/02\/ogrodzenia-3d-wroclaw-600x600-1.webp\" data-type=\"image\" data-fslightbox=\"gallery-916\" data-e-disable-page-transition=\u201dtrue\u201d>\n\t\t\t\t\t\t\t<img fetchpriority=\"high\" decoding=\"async\" width=\"600\" height=\"600\" src=\"https:\/\/producent-ogrodzenia.pl\/wp-content\/uploads\/2026\/02\/ogrodzenia-3d-wroclaw-600x600-1.webp\" class=\"attachment-full size-full\" alt=\"\" srcset=\"https:\/\/producent-ogrodzenia.pl\/wp-content\/uploads\/2026\/02\/ogrodzenia-3d-wroclaw-600x600-1.webp 600w, https:\/\/producent-ogrodzenia.pl\/wp-content\/uploads\/2026\/02\/ogrodzenia-3d-wroclaw-600x600-1-300x300.webp 300w, https:\/\/producent-ogrodzenia.pl\/wp-content\/uploads\/2026\/02\/ogrodzenia-3d-wroclaw-600x600-1-150x150.webp 150w\" sizes=\"(max-width: 600px) 100vw, 600px\" \/>\t\t\t\t\t\t\t<\/a>\n\t\t\t\t\t<\/div>\n\t<\/div>\n\t<\/div>\n<div class=\"qodef-e swiper-slide\">\n\t<div class=\"qodef-e-inner\">\n\t\t<div class=\"qodef-e-inner-holder\">\n\t\t\t\t\t\t\t<a class=\"qodef-popup-item\" itemprop=\"image\" href=\"https:\/\/producent-ogrodzenia.pl\/wp-content\/uploads\/2026\/02\/AdobeStock_326787564-scaled.webp\" data-type=\"image\" data-fslightbox=\"gallery-916\" data-e-disable-page-transition=\u201dtrue\u201d>\n\t\t\t\t\t\t\t<img decoding=\"async\" width=\"2560\" height=\"1709\" src=\"https:\/\/producent-ogrodzenia.pl\/wp-content\/uploads\/2026\/02\/AdobeStock_326787564-scaled.webp\" class=\"attachment-full size-full\" alt=\"\" srcset=\"https:\/\/producent-ogrodzenia.pl\/wp-content\/uploads\/2026\/02\/AdobeStock_326787564-scaled.webp 2560w, https:\/\/producent-ogrodzenia.pl\/wp-content\/uploads\/2026\/02\/AdobeStock_326787564-300x200.webp 300w, https:\/\/producent-ogrodzenia.pl\/wp-content\/uploads\/2026\/02\/AdobeStock_326787564-1024x684.webp 1024w, https:\/\/producent-ogrodzenia.pl\/wp-content\/uploads\/2026\/02\/AdobeStock_326787564-768x513.webp 768w, https:\/\/producent-ogrodzenia.pl\/wp-content\/uploads\/2026\/02\/AdobeStock_326787564-1536x1025.webp 1536w, https:\/\/producent-ogrodzenia.pl\/wp-content\/uploads\/2026\/02\/AdobeStock_326787564-2048x1367.webp 2048w\" sizes=\"(max-width: 2560px) 100vw, 2560px\" \/>\t\t\t\t\t\t\t<\/a>\n\t\t\t\t\t<\/div>\n\t<\/div>\n\t<\/div>\n<div class=\"qodef-e swiper-slide\">\n\t<div class=\"qodef-e-inner\">\n\t\t<div class=\"qodef-e-inner-holder\">\n\t\t\t\t\t\t\t<a class=\"qodef-popup-item\" itemprop=\"image\" href=\"https:\/\/producent-ogrodzenia.pl\/wp-content\/uploads\/2026\/02\/ogrodzenie-panelowe-600x600-1.webp\" data-type=\"image\" data-fslightbox=\"gallery-916\" data-e-disable-page-transition=\u201dtrue\u201d>\n\t\t\t\t\t\t\t<img decoding=\"async\" width=\"600\" height=\"600\" src=\"https:\/\/producent-ogrodzenia.pl\/wp-content\/uploads\/2026\/02\/ogrodzenie-panelowe-600x600-1.webp\" class=\"attachment-full size-full\" alt=\"\" srcset=\"https:\/\/producent-ogrodzenia.pl\/wp-content\/uploads\/2026\/02\/ogrodzenie-panelowe-600x600-1.webp 600w, https:\/\/producent-ogrodzenia.pl\/wp-content\/uploads\/2026\/02\/ogrodzenie-panelowe-600x600-1-300x300.webp 300w, https:\/\/producent-ogrodzenia.pl\/wp-content\/uploads\/2026\/02\/ogrodzenie-panelowe-600x600-1-150x150.webp 150w\" sizes=\"(max-width: 600px) 100vw, 600px\" \/>\t\t\t\t\t\t\t<\/a>\n\t\t\t\t\t<\/div>\n\t<\/div>\n\t<\/div>\n<div class=\"qodef-e swiper-slide\">\n\t<div class=\"qodef-e-inner\">\n\t\t<div class=\"qodef-e-inner-holder\">\n\t\t\t\t\t\t\t<a class=\"qodef-popup-item\" itemprop=\"image\" href=\"https:\/\/producent-ogrodzenia.pl\/wp-content\/uploads\/2026\/02\/AdobeStock_519762711-scaled.webp\" data-type=\"image\" data-fslightbox=\"gallery-916\" data-e-disable-page-transition=\u201dtrue\u201d>\n\t\t\t\t\t\t\t<img loading=\"lazy\" decoding=\"async\" width=\"2560\" height=\"1709\" src=\"https:\/\/producent-ogrodzenia.pl\/wp-content\/uploads\/2026\/02\/AdobeStock_519762711-scaled.webp\" class=\"attachment-full size-full\" alt=\"\" srcset=\"https:\/\/producent-ogrodzenia.pl\/wp-content\/uploads\/2026\/02\/AdobeStock_519762711-scaled.webp 2560w, https:\/\/producent-ogrodzenia.pl\/wp-content\/uploads\/2026\/02\/AdobeStock_519762711-300x200.webp 300w, https:\/\/producent-ogrodzenia.pl\/wp-content\/uploads\/2026\/02\/AdobeStock_519762711-1024x684.webp 1024w, https:\/\/producent-ogrodzenia.pl\/wp-content\/uploads\/2026\/02\/AdobeStock_519762711-768x513.webp 768w, https:\/\/producent-ogrodzenia.pl\/wp-content\/uploads\/2026\/02\/AdobeStock_519762711-1536x1025.webp 1536w, https:\/\/producent-ogrodzenia.pl\/wp-content\/uploads\/2026\/02\/AdobeStock_519762711-2048x1367.webp 2048w\" sizes=\"(max-width: 2560px) 100vw, 2560px\" \/>\t\t\t\t\t\t\t<\/a>\n\t\t\t\t\t<\/div>\n\t<\/div>\n\t<\/div>\n<div class=\"qodef-e swiper-slide\">\n\t<div class=\"qodef-e-inner\">\n\t\t<div class=\"qodef-e-inner-holder\">\n\t\t\t\t\t\t\t<a class=\"qodef-popup-item\" itemprop=\"image\" href=\"https:\/\/producent-ogrodzenia.pl\/wp-content\/uploads\/2026\/02\/AdobeStock_326787572-scaled.webp\" data-type=\"image\" data-fslightbox=\"gallery-916\" data-e-disable-page-transition=\u201dtrue\u201d>\n\t\t\t\t\t\t\t<img loading=\"lazy\" decoding=\"async\" width=\"2560\" height=\"1709\" src=\"https:\/\/producent-ogrodzenia.pl\/wp-content\/uploads\/2026\/02\/AdobeStock_326787572-scaled.webp\" class=\"attachment-full size-full\" alt=\"\" srcset=\"https:\/\/producent-ogrodzenia.pl\/wp-content\/uploads\/2026\/02\/AdobeStock_326787572-scaled.webp 2560w, https:\/\/producent-ogrodzenia.pl\/wp-content\/uploads\/2026\/02\/AdobeStock_326787572-300x200.webp 300w, https:\/\/producent-ogrodzenia.pl\/wp-content\/uploads\/2026\/02\/AdobeStock_326787572-1024x684.webp 1024w, https:\/\/producent-ogrodzenia.pl\/wp-content\/uploads\/2026\/02\/AdobeStock_326787572-768x513.webp 768w, https:\/\/producent-ogrodzenia.pl\/wp-content\/uploads\/2026\/02\/AdobeStock_326787572-1536x1025.webp 1536w, https:\/\/producent-ogrodzenia.pl\/wp-content\/uploads\/2026\/02\/AdobeStock_326787572-2048x1367.webp 2048w\" sizes=\"(max-width: 2560px) 100vw, 2560px\" \/>\t\t\t\t\t\t\t<\/a>\n\t\t\t\t\t<\/div>\n\t<\/div>\n\t<\/div>\n<div class=\"qodef-e swiper-slide\">\n\t<div class=\"qodef-e-inner\">\n\t\t<div class=\"qodef-e-inner-holder\">\n\t\t\t\t\t\t\t<a class=\"qodef-popup-item\" itemprop=\"image\" href=\"https:\/\/producent-ogrodzenia.pl\/wp-content\/uploads\/2026\/02\/AdobeStock_190387997-scaled.webp\" data-type=\"image\" data-fslightbox=\"gallery-916\" data-e-disable-page-transition=\u201dtrue\u201d>\n\t\t\t\t\t\t\t<img loading=\"lazy\" decoding=\"async\" width=\"2560\" height=\"853\" src=\"https:\/\/producent-ogrodzenia.pl\/wp-content\/uploads\/2026\/02\/AdobeStock_190387997-scaled.webp\" class=\"attachment-full size-full\" alt=\"\" srcset=\"https:\/\/producent-ogrodzenia.pl\/wp-content\/uploads\/2026\/02\/AdobeStock_190387997-scaled.webp 2560w, https:\/\/producent-ogrodzenia.pl\/wp-content\/uploads\/2026\/02\/AdobeStock_190387997-300x100.webp 300w, https:\/\/producent-ogrodzenia.pl\/wp-content\/uploads\/2026\/02\/AdobeStock_190387997-1024x341.webp 1024w, https:\/\/producent-ogrodzenia.pl\/wp-content\/uploads\/2026\/02\/AdobeStock_190387997-768x256.webp 768w, https:\/\/producent-ogrodzenia.pl\/wp-content\/uploads\/2026\/02\/AdobeStock_190387997-1536x512.webp 1536w, https:\/\/producent-ogrodzenia.pl\/wp-content\/uploads\/2026\/02\/AdobeStock_190387997-2048x683.webp 2048w\" sizes=\"(max-width: 2560px) 100vw, 2560px\" \/>\t\t\t\t\t\t\t<\/a>\n\t\t\t\t\t<\/div>\n\t<\/div>\n\t<\/div>\n<div class=\"qodef-e swiper-slide\">\n\t<div class=\"qodef-e-inner\">\n\t\t<div class=\"qodef-e-inner-holder\">\n\t\t\t\t\t\t\t<a class=\"qodef-popup-item\" itemprop=\"image\" href=\"https:\/\/producent-ogrodzenia.pl\/wp-content\/uploads\/2026\/02\/4355960103.webp\" data-type=\"image\" data-fslightbox=\"gallery-916\" data-e-disable-page-transition=\u201dtrue\u201d>\n\t\t\t\t\t\t\t<img loading=\"lazy\" decoding=\"async\" width=\"600\" height=\"600\" src=\"https:\/\/producent-ogrodzenia.pl\/wp-content\/uploads\/2026\/02\/4355960103.webp\" class=\"attachment-full size-full\" alt=\"\" srcset=\"https:\/\/producent-ogrodzenia.pl\/wp-content\/uploads\/2026\/02\/4355960103.webp 600w, https:\/\/producent-ogrodzenia.pl\/wp-content\/uploads\/2026\/02\/4355960103-300x300.webp 300w, https:\/\/producent-ogrodzenia.pl\/wp-content\/uploads\/2026\/02\/4355960103-150x150.webp 150w\" sizes=\"(max-width: 600px) 100vw, 600px\" \/>\t\t\t\t\t\t\t<\/a>\n\t\t\t\t\t<\/div>\n\t<\/div>\n\t<\/div>\n<div class=\"qodef-e swiper-slide\">\n\t<div class=\"qodef-e-inner\">\n\t\t<div class=\"qodef-e-inner-holder\">\n\t\t\t\t\t\t\t<a class=\"qodef-popup-item\" itemprop=\"image\" href=\"https:\/\/producent-ogrodzenia.pl\/wp-content\/uploads\/2026\/02\/AdobeStock_326787583-scaled.webp\" data-type=\"image\" data-fslightbox=\"gallery-916\" data-e-disable-page-transition=\u201dtrue\u201d>\n\t\t\t\t\t\t\t<img loading=\"lazy\" decoding=\"async\" width=\"2560\" height=\"1709\" src=\"https:\/\/producent-ogrodzenia.pl\/wp-content\/uploads\/2026\/02\/AdobeStock_326787583-scaled.webp\" class=\"attachment-full size-full\" alt=\"\" srcset=\"https:\/\/producent-ogrodzenia.pl\/wp-content\/uploads\/2026\/02\/AdobeStock_326787583-scaled.webp 2560w, https:\/\/producent-ogrodzenia.pl\/wp-content\/uploads\/2026\/02\/AdobeStock_326787583-300x200.webp 300w, https:\/\/producent-ogrodzenia.pl\/wp-content\/uploads\/2026\/02\/AdobeStock_326787583-1024x684.webp 1024w, https:\/\/producent-ogrodzenia.pl\/wp-content\/uploads\/2026\/02\/AdobeStock_326787583-768x513.webp 768w, https:\/\/producent-ogrodzenia.pl\/wp-content\/uploads\/2026\/02\/AdobeStock_326787583-1536x1025.webp 1536w, https:\/\/producent-ogrodzenia.pl\/wp-content\/uploads\/2026\/02\/AdobeStock_326787583-2048x1367.webp 2048w\" sizes=\"(max-width: 2560px) 100vw, 2560px\" \/>\t\t\t\t\t\t\t<\/a>\n\t\t\t\t\t<\/div>\n\t<\/div>\n\t<\/div>\n<div class=\"qodef-e swiper-slide\">\n\t<div class=\"qodef-e-inner\">\n\t\t<div class=\"qodef-e-inner-holder\">\n\t\t\t\t\t\t\t<a class=\"qodef-popup-item\" itemprop=\"image\" href=\"https:\/\/producent-ogrodzenia.pl\/wp-content\/uploads\/2026\/02\/AdobeStock_310607630-scaled.webp\" data-type=\"image\" data-fslightbox=\"gallery-916\" data-e-disable-page-transition=\u201dtrue\u201d>\n\t\t\t\t\t\t\t<img loading=\"lazy\" decoding=\"async\" width=\"2560\" height=\"1707\" src=\"https:\/\/producent-ogrodzenia.pl\/wp-content\/uploads\/2026\/02\/AdobeStock_310607630-scaled.webp\" class=\"attachment-full size-full\" alt=\"\" srcset=\"https:\/\/producent-ogrodzenia.pl\/wp-content\/uploads\/2026\/02\/AdobeStock_310607630-scaled.webp 2560w, https:\/\/producent-ogrodzenia.pl\/wp-content\/uploads\/2026\/02\/AdobeStock_310607630-300x200.webp 300w, https:\/\/producent-ogrodzenia.pl\/wp-content\/uploads\/2026\/02\/AdobeStock_310607630-1024x683.webp 1024w, https:\/\/producent-ogrodzenia.pl\/wp-content\/uploads\/2026\/02\/AdobeStock_310607630-768x512.webp 768w, https:\/\/producent-ogrodzenia.pl\/wp-content\/uploads\/2026\/02\/AdobeStock_310607630-1536x1024.webp 1536w, https:\/\/producent-ogrodzenia.pl\/wp-content\/uploads\/2026\/02\/AdobeStock_310607630-2048x1365.webp 2048w\" sizes=\"(max-width: 2560px) 100vw, 2560px\" \/>\t\t\t\t\t\t\t<\/a>\n\t\t\t\t\t<\/div>\n\t<\/div>\n\t<\/div>\n<div class=\"qodef-e swiper-slide\">\n\t<div class=\"qodef-e-inner\">\n\t\t<div class=\"qodef-e-inner-holder\">\n\t\t\t\t\t\t\t<a class=\"qodef-popup-item\" itemprop=\"image\" href=\"https:\/\/producent-ogrodzenia.pl\/wp-content\/uploads\/2026\/02\/ChatGPT.webp\" data-type=\"image\" data-fslightbox=\"gallery-916\" data-e-disable-page-transition=\u201dtrue\u201d>\n\t\t\t\t\t\t\t<img loading=\"lazy\" decoding=\"async\" width=\"1024\" height=\"1536\" src=\"https:\/\/producent-ogrodzenia.pl\/wp-content\/uploads\/2026\/02\/ChatGPT.webp\" class=\"attachment-full size-full\" alt=\"\" srcset=\"https:\/\/producent-ogrodzenia.pl\/wp-content\/uploads\/2026\/02\/ChatGPT.webp 1024w, https:\/\/producent-ogrodzenia.pl\/wp-content\/uploads\/2026\/02\/ChatGPT-200x300.webp 200w, https:\/\/producent-ogrodzenia.pl\/wp-content\/uploads\/2026\/02\/ChatGPT-683x1024.webp 683w, https:\/\/producent-ogrodzenia.pl\/wp-content\/uploads\/2026\/02\/ChatGPT-768x1152.webp 768w\" sizes=\"(max-width: 1024px) 100vw, 1024px\" \/>\t\t\t\t\t\t\t<\/a>\n\t\t\t\t\t<\/div>\n\t<\/div>\n\t<\/div>\n\t<\/div>\n\t<\/div>\n\t\t\t\t<\/div>\n\t\t\t\t<\/div>\n\t\t\t\t<div class=\"elementor-element elementor-element-48b5e65e elementor-widget__width-initial elementor-widget-mobile__width-inherit elementor-invisible elementor-widget elementor-widget-text-editor\" data-id=\"48b5e65e\" data-element_type=\"widget\" data-e-type=\"widget\" data-settings=\"{&quot;_animation&quot;:&quot;fadeIn&quot;,&quot;_animation_delay&quot;:100}\" data-widget_type=\"text-editor.default\">\n\t\t\t\t\t\t\t\t\t<p>Ka\u017cdy projekt to po\u0142\u0105czenie solidnego wykonania, trwa\u0142ych materia\u0142\u00f3w oraz estetycznego efektu ko\u0144cowego.<\/p><p data-start=\"427\" data-end=\"683\">Realizujemy zar\u00f3wno mniejsze inwestycje prywatne, jak i du\u017ce zlecenia dla obiekt\u00f3w przemys\u0142owych, firm i instytucji. Wszystkie ogrodzenia powstaj\u0105 w naszym zak\u0142adzie produkcyjnym i s\u0105 zabezpieczone przed korozj\u0105 poprzez cynkowanie oraz malowanie proszkowe.<\/p>\t\t\t\t\t\t\t\t<\/div>\n\t\t\t\t<\/div>\n\t\t\t\t<\/div>\n\t\t","protected":false},"excerpt":{"rendered":"<p>Galeria Realizacje Wybrane realizacje naszych ogrodze\u0144 Ka\u017cdy projekt to po\u0142\u0105czenie solidnego wykonania, trwa\u0142ych materia\u0142\u00f3w oraz estetycznego efektu ko\u0144cowego. Realizujemy zar\u00f3wno mniejsze inwestycje prywatne, jak i du\u017ce zlecenia dla obiekt\u00f3w przemys\u0142owych, firm i instytucji. Wszystkie ogrodzenia powstaj\u0105 w naszym zak\u0142adzie produkcyjnym i s\u0105 zabezpieczone przed korozj\u0105 poprzez cynkowanie oraz malowanie proszkowe.<\/p>\n","protected":false},"author":1,"featured_media":0,"parent":0,"menu_order":0,"comment_status":"closed","ping_status":"closed","template":"","meta":{"footnotes":""},"class_list":["post-145","page","type-page","status-publish","hentry"],"_links":{"self":[{"href":"https:\/\/producent-ogrodzenia.pl\/index.php\/wp-json\/wp\/v2\/pages\/145","targetHints":{"allow":["GET"]}}],"collection":[{"href":"https:\/\/producent-ogrodzenia.pl\/index.php\/wp-json\/wp\/v2\/pages"}],"about":[{"href":"https:\/\/producent-ogrodzenia.pl\/index.php\/wp-json\/wp\/v2\/types\/page"}],"author":[{"embeddable":true,"href":"https:\/\/producent-ogrodzenia.pl\/index.php\/wp-json\/wp\/v2\/users\/1"}],"replies":[{"embeddable":true,"href":"https:\/\/producent-ogrodzenia.pl\/index.php\/wp-json\/wp\/v2\/comments?post=145"}],"version-history":[{"count":94,"href":"https:\/\/producent-ogrodzenia.pl\/index.php\/wp-json\/wp\/v2\/pages\/145\/revisions"}],"predecessor-version":[{"id":1227,"href":"https:\/\/producent-ogrodzenia.pl\/index.php\/wp-json\/wp\/v2\/pages\/145\/revisions\/1227"}],"wp:attachment":[{"href":"https:\/\/producent-ogrodzenia.pl\/index.php\/wp-json\/wp\/v2\/media?parent=145"}],"curies":[{"name":"wp","href":"https:\/\/api.w.org\/{rel}","templated":true}]}}